{"id":81,"date":"2021-04-12T18:33:41","date_gmt":"2021-04-12T16:33:41","guid":{"rendered":"http:\/\/massagc.cluster026.hosting.ovh.net\/?page_id=81"},"modified":"2026-01-26T16:33:08","modified_gmt":"2026-01-26T15:33:08","slug":"accueil","status":"publish","type":"page","link":"https:\/\/www.massageyogique.com\/","title":{"rendered":"Accueil &#038; Pr\u00e9sentation"},"content":{"rendered":"\n<h2 class=\"wp-block-heading\">La massoth\u00e9rapie signifie traitement par le massage<\/h2>\n\n\n<div class=\"wp-block-image\">\n<figure class=\"aligncenter size-large is-resized\"><img loading=\"lazy\" decoding=\"async\" width=\"1024\" height=\"724\" src=\"http:\/\/massagc.cluster026.hosting.ovh.net\/wp-content\/uploads\/2021\/04\/epaule-petrissage-1024x724.jpg\" alt=\"\" class=\"wp-image-72\" style=\"width:303px;height:213px\" srcset=\"https:\/\/www.massageyogique.com\/wp-content\/uploads\/2021\/04\/epaule-petrissage-1024x724.jpg 1024w, https:\/\/www.massageyogique.com\/wp-content\/uploads\/2021\/04\/epaule-petrissage-300x212.jpg 300w, https:\/\/www.massageyogique.com\/wp-content\/uploads\/2021\/04\/epaule-petrissage-768x543.jpg 768w, https:\/\/www.massageyogique.com\/wp-content\/uploads\/2021\/04\/epaule-petrissage-1536x1086.jpg 1536w, https:\/\/www.massageyogique.com\/wp-content\/uploads\/2021\/04\/epaule-petrissage.jpg 1920w\" sizes=\"auto, (max-width: 1024px) 100vw, 1024px\" \/><\/figure>\n<\/div>\n\n\n<p>Choisir de recevoir un massage de d\u00e9tente bien-\u00eatre c&rsquo;est faire un acte de pr\u00e9vention pour se maintenir en bonne sant\u00e9 physique et psychique!<\/p>\n\n\n\n<p>Le massage aide \u00e0 r\u00e9duire et m\u00eame \u00e9liminer doucement ces tensions. Il aide \u00e0 d\u00e9faire les n\u0153uds tant physiques que psychiques, et ce , pour le plus grand plaisir du corps et de l&rsquo;esprit! De ce fait on \u00e9vite une accumulation de tensions qui peuvent \u00e9ventuellement engendrer des douleurs musculaires et articulaires qui peuvent devenir des pathologies, relevant de sp\u00e9cialistes.<\/p>\n\n\n\n<p><strong>Celle-ci agit au niveau musculaire, ligamentaire et circulatoire. Le type de massage utilis\u00e9 est le su\u00e9dois de d\u00e9tente combin\u00e9 \u00e0 des techniques choisies en fonction des besoins de l&rsquo;individu.<\/strong> Le massage su\u00e9dois cin\u00e9tique signifie que la s\u00e9ance utilise le mouvement pour agir au niveau musculaire et articulaire. Les buts et bienfaits du massage sont nombreux; en voici quelques-uns :<\/p>\n\n\n\n<div class=\"wp-block-columns is-layout-flex wp-container-core-columns-is-layout-9d6595d7 wp-block-columns-is-layout-flex\">\n<div class=\"wp-block-column is-layout-flow wp-block-column-is-layout-flow\">\n<ul class=\"wp-block-list\">\n<li>d\u00e9tente et relaxation,<\/li>\n\n\n\n<li>stimuler la circulation sanguine et lymphatique,<\/li>\n\n\n\n<li>s\u00e9cr\u00e9ter des endorphines (calmer la douleur),<\/li>\n\n\n\n<li>r\u00e9\u00e9quilibrer les courbures,<\/li>\n\n\n\n<li>r\u00e9gulariser les fonctions circulatoires, <\/li>\n\n\n\n<li>respiratoires et digestives,<\/li>\n\n\n\n<li>activer le corps,<\/li>\n\n\n\n<li>\u00e9liminer les toxines,<\/li>\n<\/ul>\n<\/div>\n\n\n\n<div class=\"wp-block-column is-layout-flow wp-block-column-is-layout-flow\">\n<ul class=\"wp-block-list\">\n<li>briser et\/ou pr\u00e9venir les adh\u00e9rences,<\/li>\n\n\n\n<li>diminuer le stress,<\/li>\n\n\n\n<li>diminuer les tensions musculaires,<\/li>\n\n\n\n<li>am\u00e9liorer le sommeil,<\/li>\n\n\n\n<li>calmer l\u2019anxi\u00e9t\u00e9,<\/li>\n<\/ul>\n<\/div>\n<\/div>\n\n\n\n<p class=\"has-medium-font-size\">et bien d\u2019autres effets propres \u00e0 chacun!                  <mark style=\"background-color:rgba(0, 0, 0, 0)\" class=\"has-inline-color has-luminous-vivid-orange-color\">  <strong>Appelez-moi! >>06.63.79.69.68<\/strong><\/mark><\/p>\n\n\n<div class=\"wp-block-image\">\n<figure class=\"alignright size-full is-resized\"><img loading=\"lazy\" decoding=\"async\" width=\"960\" height=\"720\" src=\"https:\/\/www.massageyogique.com\/wp-content\/uploads\/2026\/01\/pole-sante-facade.jpg\" alt=\"\" class=\"wp-image-321\" style=\"width:301px;height:auto\" srcset=\"https:\/\/www.massageyogique.com\/wp-content\/uploads\/2026\/01\/pole-sante-facade.jpg 960w, https:\/\/www.massageyogique.com\/wp-content\/uploads\/2026\/01\/pole-sante-facade-300x225.jpg 300w, https:\/\/www.massageyogique.com\/wp-content\/uploads\/2026\/01\/pole-sante-facade-768x576.jpg 768w\" sizes=\"auto, (max-width: 960px) 100vw, 960px\" \/><\/figure>\n<\/div>\n\n\n<p><mark style=\"background-color:rgba(0, 0, 0, 0);color:#f86388\" class=\"has-inline-color\">POUR MIEUX VOUS ACCUEILLIR, DANS UN BEL ESPACE: <\/mark><\/p>\n\n\n\n<p><mark style=\"background-color:rgba(0, 0, 0, 0);color:#8612f3\" class=\"has-inline-color\">P\u00f4le Sant\u00e9 Les Juliens, espace Charles de Gaulle, 07800 CHARMES SUR RHONE<\/mark><a href=\"http:\/\/google maps, p\u00f4le sant\u00e9, espace charles de gaulles, 07800 charmes sur rh\u00f4ne\"><\/a><\/p>\n\n\n\n<p>Cliquez sur le lien ci dessous pour visualiser \u2b07<\/p>\n\n\n\n<p><a href=\"https:\/\/www.google.com\/maps\/place\/P%C3%B4le+sant%C3%A9\/@44.8626982,4.8352082,15z\/data=!4m6!3m5!1s0x12b54d71db19f2e1:0xc9b579a9595419c9!8m2!3d44.8626982!4d4.8352082!16s%2Fg%2F11mwrjz33g\" target=\"_blank\" rel=\"noreferrer noopener\">https:\/\/www.google.com\/maps\/place\/P%C3%B4le+sant%C3%A9\/@44.8626982,4.8352082,15z\/data=!4m6!3m5!1s0x12b54d71db19f2e1:0xc9b579a9595419c9!8m2!3d44.8626982!4d4.8352082!16s%2Fg%2F11mwrjz33g<\/a><\/p>\n\n\n\n<figure class=\"wp-block-gallery has-nested-images columns-default is-cropped wp-block-gallery-1 is-layout-flex wp-block-gallery-is-layout-flex\">\n<figure class=\"wp-block-image size-medium\"><a href=\"https:\/\/www.massageyogique.com\/?attachment_id=64\"><img loading=\"lazy\" decoding=\"async\" width=\"300\" height=\"169\" data-id=\"64\" src=\"https:\/\/www.massageyogique.com\/wp-content\/uploads\/2021\/04\/petrissage-300x169.jpg\" alt=\"\" class=\"wp-image-64\" srcset=\"https:\/\/www.massageyogique.com\/wp-content\/uploads\/2021\/04\/petrissage-300x169.jpg 300w, https:\/\/www.massageyogique.com\/wp-content\/uploads\/2021\/04\/petrissage-1024x576.jpg 1024w, https:\/\/www.massageyogique.com\/wp-content\/uploads\/2021\/04\/petrissage-768x432.jpg 768w, https:\/\/www.massageyogique.com\/wp-content\/uploads\/2021\/04\/petrissage-1536x864.jpg 1536w, https:\/\/www.massageyogique.com\/wp-content\/uploads\/2021\/04\/petrissage.jpg 1920w\" sizes=\"auto, (max-width: 300px) 100vw, 300px\" \/><\/a><figcaption class=\"wp-element-caption\">Massage su\u00e9dois cin\u00e9tique<\/figcaption><\/figure>\n\n\n\n<figure class=\"wp-block-image size-medium\"><a href=\"https:\/\/www.massageyogique.com\/?attachment_id=170\"><img loading=\"lazy\" decoding=\"async\" width=\"300\" height=\"225\" data-id=\"170\" src=\"https:\/\/www.massageyogique.com\/wp-content\/uploads\/2021\/04\/massage-mains-300x225.jpg\" alt=\"\" class=\"wp-image-170\" srcset=\"https:\/\/www.massageyogique.com\/wp-content\/uploads\/2021\/04\/massage-mains-300x225.jpg 300w, https:\/\/www.massageyogique.com\/wp-content\/uploads\/2021\/04\/massage-mains.jpg 612w\" sizes=\"auto, (max-width: 300px) 100vw, 300px\" \/><\/a><figcaption class=\"wp-element-caption\">massage t\u00eate mains pieds<\/figcaption><\/figure>\n\n\n\n<figure class=\"wp-block-image size-medium\"><a href=\"https:\/\/www.massageyogique.com\/?attachment_id=169\"><img loading=\"lazy\" decoding=\"async\" width=\"289\" height=\"300\" data-id=\"169\" src=\"https:\/\/www.massageyogique.com\/wp-content\/uploads\/2021\/04\/massage-femme-enceinte-1-289x300.jpg\" alt=\"massage pr\u00e9natal\" class=\"wp-image-169\" srcset=\"https:\/\/www.massageyogique.com\/wp-content\/uploads\/2021\/04\/massage-femme-enceinte-1-289x300.jpg 289w, https:\/\/www.massageyogique.com\/wp-content\/uploads\/2021\/04\/massage-femme-enceinte-1.jpg 589w\" sizes=\"auto, (max-width: 289px) 100vw, 289px\" \/><\/a><figcaption class=\"wp-element-caption\">massage pr\u00e9natal<\/figcaption><\/figure>\n<\/figure>\n\n\n\n<figure class=\"wp-block-pullquote\"><blockquote><p><strong>Les premi\u00e8res traces du massage remontent \u00e0 3000 ans avant J\u00e9sus -Christ. L&rsquo;\u00e9tymologie du mot massage prend ses racines du grec, de l&rsquo;h\u00e9breu et de l&rsquo;arabe o\u00f9 le terme signifiait presser l\u00e9g\u00e8rement, palper, p\u00e9trir et plus globalement \u00ab\u00a0toucher<\/strong>\u00ab\u00a0. <\/p><cite>Par le toucher, le massage nous permet de prendre conscience des tensions inscrites dans notre corps. Ces tensions sont fr\u00e9quemment le r\u00e9sultat de conflits, de stress, de fatigue, de mauvaises postures ou encore de mouvements r\u00e9p\u00e9titifs.<\/cite><\/blockquote><\/figure>\n\n\n\n<p><em><strong>Il n&rsquo;est pas rare de prendre plus soin de sa voiture ou de sa maison que de son corps! \u00e0 m\u00e9diter&#8230;<\/strong><\/em><\/p>\n\n\n<div class=\"wp-block-image\">\n<figure class=\"alignright size-large is-resized\"><img loading=\"lazy\" decoding=\"async\" width=\"1024\" height=\"576\" src=\"http:\/\/massagc.cluster026.hosting.ovh.net\/wp-content\/uploads\/2021\/04\/NATURAL-scrabble-1024x576.jpg\" alt=\"\" class=\"wp-image-66\" style=\"width:335px;height:188px\" srcset=\"https:\/\/www.massageyogique.com\/wp-content\/uploads\/2021\/04\/NATURAL-scrabble-1024x576.jpg 1024w, https:\/\/www.massageyogique.com\/wp-content\/uploads\/2021\/04\/NATURAL-scrabble-300x169.jpg 300w, https:\/\/www.massageyogique.com\/wp-content\/uploads\/2021\/04\/NATURAL-scrabble-768x432.jpg 768w, https:\/\/www.massageyogique.com\/wp-content\/uploads\/2021\/04\/NATURAL-scrabble-1536x864.jpg 1536w, https:\/\/www.massageyogique.com\/wp-content\/uploads\/2021\/04\/NATURAL-scrabble.jpg 1920w\" sizes=\"auto, (max-width: 1024px) 100vw, 1024px\" \/><\/figure>\n<\/div>\n\n\n<div class=\"wp-block-columns is-layout-flex wp-container-core-columns-is-layout-9d6595d7 wp-block-columns-is-layout-flex\">\n<div class=\"wp-block-column is-layout-flow wp-block-column-is-layout-flow\">\n<figure class=\"wp-block-image size-large is-resized\"><img loading=\"lazy\" decoding=\"async\" width=\"717\" height=\"1024\" src=\"http:\/\/massagc.cluster026.hosting.ovh.net\/wp-content\/uploads\/2021\/04\/dos-dessin-717x1024.png\" alt=\"\" class=\"wp-image-76\" style=\"width:183px;height:261px\" srcset=\"https:\/\/www.massageyogique.com\/wp-content\/uploads\/2021\/04\/dos-dessin-717x1024.png 717w, https:\/\/www.massageyogique.com\/wp-content\/uploads\/2021\/04\/dos-dessin-210x300.png 210w, https:\/\/www.massageyogique.com\/wp-content\/uploads\/2021\/04\/dos-dessin-768x1097.png 768w, https:\/\/www.massageyogique.com\/wp-content\/uploads\/2021\/04\/dos-dessin-1075x1536.png 1075w, https:\/\/www.massageyogique.com\/wp-content\/uploads\/2021\/04\/dos-dessin.png 1344w\" sizes=\"auto, (max-width: 717px) 100vw, 717px\" \/><\/figure>\n<\/div>\n\n\n\n<div class=\"wp-block-column is-layout-flow wp-block-column-is-layout-flow\">\n<figure class=\"wp-block-image size-large is-resized\"><img loading=\"lazy\" decoding=\"async\" width=\"500\" height=\"531\" src=\"http:\/\/massagc.cluster026.hosting.ovh.net\/wp-content\/uploads\/2021\/04\/logo-FFMTR-BD-1.png\" alt=\"\" class=\"wp-image-171\" style=\"width:243px;height:257px\" srcset=\"https:\/\/www.massageyogique.com\/wp-content\/uploads\/2021\/04\/logo-FFMTR-BD-1.png 500w, https:\/\/www.massageyogique.com\/wp-content\/uploads\/2021\/04\/logo-FFMTR-BD-1-282x300.png 282w\" sizes=\"auto, (max-width: 500px) 100vw, 500px\" \/><\/figure>\n<\/div>\n<\/div>\n\n\n<div class=\"wp-block-image\">\n<figure class=\"aligncenter size-large is-resized\"><img loading=\"lazy\" decoding=\"async\" width=\"995\" height=\"1024\" src=\"http:\/\/massagc.cluster026.hosting.ovh.net\/wp-content\/uploads\/2021\/04\/three-d-1781597_1280-995x1024.png\" alt=\"\" class=\"wp-image-75\" style=\"width:271px;height:277px\" srcset=\"https:\/\/www.massageyogique.com\/wp-content\/uploads\/2021\/04\/three-d-1781597_1280-995x1024.png 995w, https:\/\/www.massageyogique.com\/wp-content\/uploads\/2021\/04\/three-d-1781597_1280-292x300.png 292w, https:\/\/www.massageyogique.com\/wp-content\/uploads\/2021\/04\/three-d-1781597_1280-768x790.png 768w, https:\/\/www.massageyogique.com\/wp-content\/uploads\/2021\/04\/three-d-1781597_1280.png 1244w\" sizes=\"auto, (max-width: 995px) 100vw, 995px\" \/><\/figure>\n<\/div>\n\n","protected":false},"excerpt":{"rendered":"<p>La massoth\u00e9rapie signifie traitement par le massage Choisir de recevoir un massage de d\u00e9tente bien-\u00eatre c&rsquo;est faire un acte de pr\u00e9vention pour se maintenir en bonne sant\u00e9 physique et psychique! Le massage aide \u00e0 r\u00e9duire et m\u00eame \u00e9liminer doucement ces tensions. Il aide \u00e0 d\u00e9faire les n\u0153uds tant physiques que psychiques, et ce , pour<br \/><a class=\"btn btn-tislider blog-readmore\" href=\"https:\/\/www.massageyogique.com\/\">Read More<\/a><\/p>\n","protected":false},"author":1,"featured_media":72,"parent":0,"menu_order":0,"comment_status":"closed","ping_status":"closed","template":"templates\/fullwidth.php","meta":{"om_disable_all_campaigns":false,"_mi_skip_tracking":false,"footnotes":""},"class_list":["post-81","page","type-page","status-publish","has-post-thumbnail","hentry"],"yoast_head":"<!-- This site is optimized with the Yoast SEO plugin v24.9 - https:\/\/yoast.com\/wordpress\/plugins\/seo\/ -->\n<title>Accueil &amp; Pr\u00e9sentation - Yogi Massage<\/title>\n<meta name=\"robots\" content=\"index, follow, max-snippet:-1, max-image-preview:large, max-video-preview:-1\" \/>\n<link rel=\"canonical\" href=\"https:\/\/www.massageyogique.com\/\" \/>\n<meta property=\"og:locale\" content=\"fr_FR\" \/>\n<meta property=\"og:type\" content=\"article\" \/>\n<meta property=\"og:title\" content=\"Accueil &amp; Pr\u00e9sentation - Yogi Massage\" \/>\n<meta property=\"og:description\" content=\"La massoth\u00e9rapie signifie traitement par le massage Choisir de recevoir un massage de d\u00e9tente bien-\u00eatre c&rsquo;est faire un acte de pr\u00e9vention pour se maintenir en bonne sant\u00e9 physique et psychique! Le massage aide \u00e0 r\u00e9duire et m\u00eame \u00e9liminer doucement ces tensions. Il aide \u00e0 d\u00e9faire les n\u0153uds tant physiques que psychiques, et ce , pourRead More\" \/>\n<meta property=\"og:url\" content=\"https:\/\/www.massageyogique.com\/\" \/>\n<meta property=\"og:site_name\" content=\"Yogi Massage\" \/>\n<meta property=\"article:modified_time\" content=\"2026-01-26T15:33:08+00:00\" \/>\n<meta property=\"og:image\" content=\"https:\/\/www.massageyogique.com\/wp-content\/uploads\/2021\/04\/epaule-petrissage.jpg\" \/>\n\t<meta property=\"og:image:width\" content=\"1920\" \/>\n\t<meta property=\"og:image:height\" content=\"1357\" \/>\n\t<meta property=\"og:image:type\" content=\"image\/jpeg\" \/>\n<meta name=\"twitter:card\" content=\"summary_large_image\" \/>\n<meta name=\"twitter:label1\" content=\"Dur\u00e9e de lecture estim\u00e9e\" \/>\n\t<meta name=\"twitter:data1\" content=\"4 minutes\" \/>\n<script type=\"application\/ld+json\" class=\"yoast-schema-graph\">{\"@context\":\"https:\/\/schema.org\",\"@graph\":[{\"@type\":\"WebPage\",\"@id\":\"https:\/\/www.massageyogique.com\/\",\"url\":\"https:\/\/www.massageyogique.com\/\",\"name\":\"Accueil & Pr\u00e9sentation - Yogi Massage\",\"isPartOf\":{\"@id\":\"https:\/\/www.massageyogique.com\/#website\"},\"primaryImageOfPage\":{\"@id\":\"https:\/\/www.massageyogique.com\/#primaryimage\"},\"image\":{\"@id\":\"https:\/\/www.massageyogique.com\/#primaryimage\"},\"thumbnailUrl\":\"https:\/\/www.massageyogique.com\/wp-content\/uploads\/2021\/04\/epaule-petrissage.jpg\",\"datePublished\":\"2021-04-12T16:33:41+00:00\",\"dateModified\":\"2026-01-26T15:33:08+00:00\",\"breadcrumb\":{\"@id\":\"https:\/\/www.massageyogique.com\/#breadcrumb\"},\"inLanguage\":\"fr-FR\",\"potentialAction\":[{\"@type\":\"ReadAction\",\"target\":[\"https:\/\/www.massageyogique.com\/\"]}]},{\"@type\":\"ImageObject\",\"inLanguage\":\"fr-FR\",\"@id\":\"https:\/\/www.massageyogique.com\/#primaryimage\",\"url\":\"https:\/\/www.massageyogique.com\/wp-content\/uploads\/2021\/04\/epaule-petrissage.jpg\",\"contentUrl\":\"https:\/\/www.massageyogique.com\/wp-content\/uploads\/2021\/04\/epaule-petrissage.jpg\",\"width\":1920,\"height\":1357},{\"@type\":\"BreadcrumbList\",\"@id\":\"https:\/\/www.massageyogique.com\/#breadcrumb\",\"itemListElement\":[{\"@type\":\"ListItem\",\"position\":1,\"name\":\"Accueil\",\"item\":\"https:\/\/www.massageyogique.com\/\"},{\"@type\":\"ListItem\",\"position\":2,\"name\":\"Accueil &#038; Pr\u00e9sentation\"}]},{\"@type\":\"WebSite\",\"@id\":\"https:\/\/www.massageyogique.com\/#website\",\"url\":\"https:\/\/www.massageyogique.com\/\",\"name\":\"Yogi Massage\",\"description\":\"Ne laisser pas la douleur s&#039;installer\",\"potentialAction\":[{\"@type\":\"SearchAction\",\"target\":{\"@type\":\"EntryPoint\",\"urlTemplate\":\"https:\/\/www.massageyogique.com\/?s={search_term_string}\"},\"query-input\":{\"@type\":\"PropertyValueSpecification\",\"valueRequired\":true,\"valueName\":\"search_term_string\"}}],\"inLanguage\":\"fr-FR\"}]}<\/script>\n<!-- \/ Yoast SEO plugin. -->","yoast_head_json":{"title":"Accueil & Pr\u00e9sentation - Yogi Massage","robots":{"index":"index","follow":"follow","max-snippet":"max-snippet:-1","max-image-preview":"max-image-preview:large","max-video-preview":"max-video-preview:-1"},"canonical":"https:\/\/www.massageyogique.com\/","og_locale":"fr_FR","og_type":"article","og_title":"Accueil & Pr\u00e9sentation - Yogi Massage","og_description":"La massoth\u00e9rapie signifie traitement par le massage Choisir de recevoir un massage de d\u00e9tente bien-\u00eatre c&rsquo;est faire un acte de pr\u00e9vention pour se maintenir en bonne sant\u00e9 physique et psychique! Le massage aide \u00e0 r\u00e9duire et m\u00eame \u00e9liminer doucement ces tensions. Il aide \u00e0 d\u00e9faire les n\u0153uds tant physiques que psychiques, et ce , pourRead More","og_url":"https:\/\/www.massageyogique.com\/","og_site_name":"Yogi Massage","article_modified_time":"2026-01-26T15:33:08+00:00","og_image":[{"width":1920,"height":1357,"url":"https:\/\/www.massageyogique.com\/wp-content\/uploads\/2021\/04\/epaule-petrissage.jpg","type":"image\/jpeg"}],"twitter_card":"summary_large_image","twitter_misc":{"Dur\u00e9e de lecture estim\u00e9e":"4 minutes"},"schema":{"@context":"https:\/\/schema.org","@graph":[{"@type":"WebPage","@id":"https:\/\/www.massageyogique.com\/","url":"https:\/\/www.massageyogique.com\/","name":"Accueil & Pr\u00e9sentation - Yogi Massage","isPartOf":{"@id":"https:\/\/www.massageyogique.com\/#website"},"primaryImageOfPage":{"@id":"https:\/\/www.massageyogique.com\/#primaryimage"},"image":{"@id":"https:\/\/www.massageyogique.com\/#primaryimage"},"thumbnailUrl":"https:\/\/www.massageyogique.com\/wp-content\/uploads\/2021\/04\/epaule-petrissage.jpg","datePublished":"2021-04-12T16:33:41+00:00","dateModified":"2026-01-26T15:33:08+00:00","breadcrumb":{"@id":"https:\/\/www.massageyogique.com\/#breadcrumb"},"inLanguage":"fr-FR","potentialAction":[{"@type":"ReadAction","target":["https:\/\/www.massageyogique.com\/"]}]},{"@type":"ImageObject","inLanguage":"fr-FR","@id":"https:\/\/www.massageyogique.com\/#primaryimage","url":"https:\/\/www.massageyogique.com\/wp-content\/uploads\/2021\/04\/epaule-petrissage.jpg","contentUrl":"https:\/\/www.massageyogique.com\/wp-content\/uploads\/2021\/04\/epaule-petrissage.jpg","width":1920,"height":1357},{"@type":"BreadcrumbList","@id":"https:\/\/www.massageyogique.com\/#breadcrumb","itemListElement":[{"@type":"ListItem","position":1,"name":"Accueil","item":"https:\/\/www.massageyogique.com\/"},{"@type":"ListItem","position":2,"name":"Accueil &#038; Pr\u00e9sentation"}]},{"@type":"WebSite","@id":"https:\/\/www.massageyogique.com\/#website","url":"https:\/\/www.massageyogique.com\/","name":"Yogi Massage","description":"Ne laisser pas la douleur s&#039;installer","potentialAction":[{"@type":"SearchAction","target":{"@type":"EntryPoint","urlTemplate":"https:\/\/www.massageyogique.com\/?s={search_term_string}"},"query-input":{"@type":"PropertyValueSpecification","valueRequired":true,"valueName":"search_term_string"}}],"inLanguage":"fr-FR"}]}},"_links":{"self":[{"href":"https:\/\/www.massageyogique.com\/index.php?rest_route=\/wp\/v2\/pages\/81","targetHints":{"allow":["GET"]}}],"collection":[{"href":"https:\/\/www.massageyogique.com\/index.php?rest_route=\/wp\/v2\/pages"}],"about":[{"href":"https:\/\/www.massageyogique.com\/index.php?rest_route=\/wp\/v2\/types\/page"}],"author":[{"embeddable":true,"href":"https:\/\/www.massageyogique.com\/index.php?rest_route=\/wp\/v2\/users\/1"}],"replies":[{"embeddable":true,"href":"https:\/\/www.massageyogique.com\/index.php?rest_route=%2Fwp%2Fv2%2Fcomments&post=81"}],"version-history":[{"count":35,"href":"https:\/\/www.massageyogique.com\/index.php?rest_route=\/wp\/v2\/pages\/81\/revisions"}],"predecessor-version":[{"id":324,"href":"https:\/\/www.massageyogique.com\/index.php?rest_route=\/wp\/v2\/pages\/81\/revisions\/324"}],"wp:featuredmedia":[{"embeddable":true,"href":"https:\/\/www.massageyogique.com\/index.php?rest_route=\/wp\/v2\/media\/72"}],"wp:attachment":[{"href":"https:\/\/www.massageyogique.com\/index.php?rest_route=%2Fwp%2Fv2%2Fmedia&parent=81"}],"curies":[{"name":"wp","href":"https:\/\/api.w.org\/{rel}","templated":true}]}}